{"id":18,"date":"2026-01-13T12:13:02","date_gmt":"2026-01-13T12:13:02","guid":{"rendered":"https:\/\/www.coinalp.ch\/?page_id=18"},"modified":"2026-03-16T10:28:04","modified_gmt":"2026-03-16T10:28:04","slug":"mentions-legales","status":"publish","type":"page","link":"https:\/\/www.coinalp.ch\/de\/mentions-legales\/","title":{"rendered":"Mentions L\u00e9gales"},"content":{"rendered":"<p>Responsable du site: T\u00e9o<\/p>\n\n\n\n<p>Contact: Utiliser le formulaire de <a href=\"https:\/\/www.coinalp.ch\/de\/contact\/\" data-type=\"page\" data-id=\"16\">contact<\/a><\/p>\n\n\n\n<p>H\u00e9bergeur: Infomaniak, Gen\u00e8ve, Suisse<\/p>\n\n\n\n<p>Objet du site: Blog d&rsquo;information, partage d&rsquo;analyses sur la finance, la gestion de budget et les cryptomonnaies<\/p>","protected":false},"excerpt":{"rendered":"<p>Responsable du site: T\u00e9o Contact: Utiliser le formulaire de contact H\u00e9bergeur: Infomaniak, Gen\u00e8ve, Suisse Objet du site: Blog d&rsquo;information, partage d&rsquo;analyses sur la finance, la gestion de budget et les cryptomonnaies<\/p>","protected":false},"author":1,"featured_media":0,"parent":0,"menu_order":0,"comment_status":"closed","ping_status":"closed","template":"","meta":{"_et_pb_use_builder":"off","_et_pb_old_content":"","_et_gb_content_width":"","_kad_post_transparent":"","_kad_post_title":"","_kad_post_layout":"","_kad_post_sidebar_id":"","_kad_post_content_style":"","_kad_post_vertical_padding":"","_kad_post_feature":"","_kad_post_feature_position":"","_kad_post_header":false,"_kad_post_footer":false,"_kad_post_classname":"","footnotes":""},"class_list":["post-18","page","type-page","status-publish","hentry"],"_links":{"self":[{"href":"https:\/\/www.coinalp.ch\/de\/wp-json\/wp\/v2\/pages\/18","targetHints":{"allow":["GET"]}}],"collection":[{"href":"https:\/\/www.coinalp.ch\/de\/wp-json\/wp\/v2\/pages"}],"about":[{"href":"https:\/\/www.coinalp.ch\/de\/wp-json\/wp\/v2\/types\/page"}],"author":[{"embeddable":true,"href":"https:\/\/www.coinalp.ch\/de\/wp-json\/wp\/v2\/users\/1"}],"replies":[{"embeddable":true,"href":"https:\/\/www.coinalp.ch\/de\/wp-json\/wp\/v2\/comments?post=18"}],"version-history":[{"count":2,"href":"https:\/\/www.coinalp.ch\/de\/wp-json\/wp\/v2\/pages\/18\/revisions"}],"predecessor-version":[{"id":80,"href":"https:\/\/www.coinalp.ch\/de\/wp-json\/wp\/v2\/pages\/18\/revisions\/80"}],"wp:attachment":[{"href":"https:\/\/www.coinalp.ch\/de\/wp-json\/wp\/v2\/media?parent=18"}],"curies":[{"name":"wp","href":"https:\/\/api.w.org\/{rel}","templated":true}]}}