{"id":20,"date":"2026-01-13T12:13:02","date_gmt":"2026-01-13T12:13:02","guid":{"rendered":"https:\/\/www.coinalp.ch\/?page_id=20"},"modified":"2026-03-16T10:43:20","modified_gmt":"2026-03-16T10:43:20","slug":"disclaimer","status":"publish","type":"page","link":"https:\/\/www.coinalp.ch\/de\/disclaimer\/","title":{"rendered":"Avertissement &#8211; Disclaimer"},"content":{"rendered":"<p>Les informations publi\u00e9es sur Coinalp sont \u00e0 but informatif et \u00e9ducatif et ne constituent pas des conseils financiers personnalis\u00e9s.<\/p>\n\n\n\n<p>Investir dans la finance ou les crypto-monnaies comporte des risques. Chaque lecteur est responsable de ses d\u00e9cisions d&rsquo;investissement. L&rsquo;auteur et le site ne peuvent \u00eatre tenus responsables de toute perte ou r\u00e9sultat li\u00e9 \u00e0 l&rsquo;utilisation de ces informations.<\/p>\n\n\n\n<p><\/p>","protected":false},"excerpt":{"rendered":"<p>Les informations publi\u00e9es sur Coinalp sont \u00e0 but informatif et \u00e9ducatif et ne constituent pas des conseils financiers personnalis\u00e9s. Investir dans la finance ou les crypto-monnaies comporte des risques. Chaque lecteur est responsable de ses d\u00e9cisions d&rsquo;investissement. L&rsquo;auteur et le site ne peuvent \u00eatre tenus responsables de toute perte ou r\u00e9sultat li\u00e9 \u00e0 l&rsquo;utilisation de&#8230;<\/p>","protected":false},"author":1,"featured_media":0,"parent":0,"menu_order":0,"comment_status":"closed","ping_status":"closed","template":"","meta":{"_et_pb_use_builder":"off","_et_pb_old_content":"","_et_gb_content_width":"","_kad_post_transparent":"","_kad_post_title":"","_kad_post_layout":"","_kad_post_sidebar_id":"","_kad_post_content_style":"","_kad_post_vertical_padding":"","_kad_post_feature":"","_kad_post_feature_position":"","_kad_post_header":false,"_kad_post_footer":false,"_kad_post_classname":"","footnotes":""},"class_list":["post-20","page","type-page","status-publish","hentry"],"_links":{"self":[{"href":"https:\/\/www.coinalp.ch\/de\/wp-json\/wp\/v2\/pages\/20","targetHints":{"allow":["GET"]}}],"collection":[{"href":"https:\/\/www.coinalp.ch\/de\/wp-json\/wp\/v2\/pages"}],"about":[{"href":"https:\/\/www.coinalp.ch\/de\/wp-json\/wp\/v2\/types\/page"}],"author":[{"embeddable":true,"href":"https:\/\/www.coinalp.ch\/de\/wp-json\/wp\/v2\/users\/1"}],"replies":[{"embeddable":true,"href":"https:\/\/www.coinalp.ch\/de\/wp-json\/wp\/v2\/comments?post=20"}],"version-history":[{"count":4,"href":"https:\/\/www.coinalp.ch\/de\/wp-json\/wp\/v2\/pages\/20\/revisions"}],"predecessor-version":[{"id":84,"href":"https:\/\/www.coinalp.ch\/de\/wp-json\/wp\/v2\/pages\/20\/revisions\/84"}],"wp:attachment":[{"href":"https:\/\/www.coinalp.ch\/de\/wp-json\/wp\/v2\/media?parent=20"}],"curies":[{"name":"wp","href":"https:\/\/api.w.org\/{rel}","templated":true}]}}