{"id":22,"date":"2026-01-13T12:13:02","date_gmt":"2026-01-13T12:13:02","guid":{"rendered":"https:\/\/www.coinalp.ch\/?page_id=22"},"modified":"2026-03-16T17:11:43","modified_gmt":"2026-03-16T17:11:43","slug":"accueil","status":"publish","type":"page","link":"https:\/\/www.coinalp.ch\/de\/","title":{"rendered":"Accueil"},"content":{"rendered":"<h2 class=\"wp-block-heading\">Coinalp &#8211; Actualit\u00e9 et analyses personnelles en finance et cryptomonnaies<\/h2>\n\n\n\n<p>Coinalp propose des articles d&rsquo;actualit\u00e9 en fran\u00e7ais et en allemand ainsi que des analyses et r\u00e9flexions personnelles sur la finance, l&rsquo;investissement moyen et long terme et les cryptomonnaies.<\/p>\n\n\n\n<h2 class=\"wp-block-heading\">Sur Coinalp, tu trouveras<\/h2>\n\n\n\n<ul class=\"wp-block-list\">\n<li>Une s\u00e9lection d&rsquo;actualit\u00e9s crypto expliqu\u00e9es simplement<\/li>\n\n\n\n<li>Des analyses personnelles sur la finance et l&rsquo;investissement<\/li>\n\n\n\n<li>Des contenus \u00e9ducatifs pour mieux comprendre les march\u00e9s<\/li>\n\n\n\n<li>Des id\u00e9es pour apprendre \u00e0 mieux g\u00e9rer son argent<\/li>\n<\/ul>\n\n\n\n<h2 class=\"wp-block-heading\">Commencer par<\/h2>\n\n\n\n<div class=\"wp-block-buttons is-layout-flex wp-block-buttons-is-layout-flex\">\n<div class=\"wp-block-button\"><a class=\"wp-block-button__link wp-element-button\">Actualit\u00e9<\/a><\/div>\n\n\n\n<div class=\"wp-block-button\"><a class=\"wp-block-button__link wp-element-button\">Analyses<\/a><\/div>\n\n\n\n<div class=\"wp-block-button\"><a class=\"wp-block-button__link wp-element-button\">Comprendre le march\u00e9<\/a><\/div>\n\n\n\n<div class=\"wp-block-button\"><a class=\"wp-block-button__link wp-element-button\">G\u00e9rer son budget<\/a><\/div>\n\n\n\n<div class=\"wp-block-button\"><a class=\"wp-block-button__link wp-element-button\">\u00c0 propos<\/a><\/div>\n<\/div>\n\n\n\n<p>Les contenus publi\u00e9s sur Coinalp sont fournis \u00e0 titre informatif et \u00e9ducatif. Ils ne constituent pas des conseils financiers ou d&rsquo;investissement.<\/p>","protected":false},"excerpt":{"rendered":"<p>Coinalp &#8211; Actualit\u00e9 et analyses personnelles en finance et cryptomonnaies Coinalp propose des articles d&rsquo;actualit\u00e9 en fran\u00e7ais et en allemand ainsi que des analyses et r\u00e9flexions personnelles sur la finance, l&rsquo;investissement moyen et long terme et les cryptomonnaies. Sur Coinalp, tu trouveras Commencer par Les contenus publi\u00e9s sur Coinalp sont fournis \u00e0 titre informatif et&#8230;<\/p>","protected":false},"author":1,"featured_media":0,"parent":0,"menu_order":0,"comment_status":"closed","ping_status":"closed","template":"","meta":{"_et_pb_use_builder":"off","_et_pb_old_content":"","_et_gb_content_width":"","_kad_post_transparent":"","_kad_post_title":"","_kad_post_layout":"","_kad_post_sidebar_id":"","_kad_post_content_style":"","_kad_post_vertical_padding":"","_kad_post_feature":"","_kad_post_feature_position":"","_kad_post_header":false,"_kad_post_footer":false,"_kad_post_classname":"","footnotes":""},"class_list":["post-22","page","type-page","status-publish","hentry"],"_links":{"self":[{"href":"https:\/\/www.coinalp.ch\/de\/wp-json\/wp\/v2\/pages\/22","targetHints":{"allow":["GET"]}}],"collection":[{"href":"https:\/\/www.coinalp.ch\/de\/wp-json\/wp\/v2\/pages"}],"about":[{"href":"https:\/\/www.coinalp.ch\/de\/wp-json\/wp\/v2\/types\/page"}],"author":[{"embeddable":true,"href":"https:\/\/www.coinalp.ch\/de\/wp-json\/wp\/v2\/users\/1"}],"replies":[{"embeddable":true,"href":"https:\/\/www.coinalp.ch\/de\/wp-json\/wp\/v2\/comments?post=22"}],"version-history":[{"count":4,"href":"https:\/\/www.coinalp.ch\/de\/wp-json\/wp\/v2\/pages\/22\/revisions"}],"predecessor-version":[{"id":116,"href":"https:\/\/www.coinalp.ch\/de\/wp-json\/wp\/v2\/pages\/22\/revisions\/116"}],"wp:attachment":[{"href":"https:\/\/www.coinalp.ch\/de\/wp-json\/wp\/v2\/media?parent=22"}],"curies":[{"name":"wp","href":"https:\/\/api.w.org\/{rel}","templated":true}]}}