{"id":3,"date":"2026-01-13T12:13:02","date_gmt":"2026-01-13T12:13:02","guid":{"rendered":"https:\/\/coinalp.ch\/?page_id=3"},"modified":"2026-03-16T10:39:45","modified_gmt":"2026-03-16T10:39:45","slug":"privacy-policy","status":"publish","type":"page","link":"https:\/\/www.coinalp.ch\/de\/privacy-policy\/","title":{"rendered":"Politique de confidentialit\u00e9"},"content":{"rendered":"<h2 class=\"wp-block-heading\">Donn\u00e9es collect\u00e9es et utilisation<\/h2>\n\n\n\n<p>Nous collectons uniquement les informations n\u00e9cessaires pour r\u00e9pondre \u00e0 vos messages via le formulaire de contact.<\/p>\n\n\n\n<h2 class=\"wp-block-heading\">Conservation et s\u00e9curit\u00e9<\/h2>\n\n\n\n<p>Les informations collect\u00e9es sont stock\u00e9es de mani\u00e8re s\u00e9curis\u00e9e et ne sont jamais partag\u00e9es avec des tiers sans votre consentement.<\/p>\n\n\n\n<h2 class=\"wp-block-heading\">Vos droits<\/h2>\n\n\n\n<p>Vous pouvez demander d&rsquo;acc\u00e8s, la rectification ou la suppression de vos donn\u00e9es \u00e0 tout moment via le formulaire de contact.<\/p>\n\n\n\n<h2 class=\"wp-block-heading\">R\u00e9f\u00e9rences l\u00e9gales<\/h2>\n\n\n\n<p>Cette politique respecte la l\u00e9gislation suisse sur la protection des donn\u00e9es et le RGPD pour les visiteurs r\u00e9sidents dans l&rsquo;Union Europ\u00e9enne.<\/p>\n\n\n\n<ul class=\"wp-block-list\"><\/ul>","protected":false},"excerpt":{"rendered":"<p>Donn\u00e9es collect\u00e9es et utilisation Nous collectons uniquement les informations n\u00e9cessaires pour r\u00e9pondre \u00e0 vos messages via le formulaire de contact. Conservation et s\u00e9curit\u00e9 Les informations collect\u00e9es sont stock\u00e9es de mani\u00e8re s\u00e9curis\u00e9e et ne sont jamais partag\u00e9es avec des tiers sans votre consentement. Vos droits Vous pouvez demander d&rsquo;acc\u00e8s, la rectification ou la suppression de vos&#8230;<\/p>","protected":false},"author":1,"featured_media":0,"parent":0,"menu_order":0,"comment_status":"closed","ping_status":"open","template":"","meta":{"_et_pb_use_builder":"","_et_pb_old_content":"","_et_gb_content_width":"","_kad_post_transparent":"","_kad_post_title":"","_kad_post_layout":"","_kad_post_sidebar_id":"","_kad_post_content_style":"","_kad_post_vertical_padding":"","_kad_post_feature":"","_kad_post_feature_position":"","_kad_post_header":false,"_kad_post_footer":false,"_kad_post_classname":"","footnotes":""},"class_list":["post-3","page","type-page","status-publish","hentry"],"_links":{"self":[{"href":"https:\/\/www.coinalp.ch\/de\/wp-json\/wp\/v2\/pages\/3","targetHints":{"allow":["GET"]}}],"collection":[{"href":"https:\/\/www.coinalp.ch\/de\/wp-json\/wp\/v2\/pages"}],"about":[{"href":"https:\/\/www.coinalp.ch\/de\/wp-json\/wp\/v2\/types\/page"}],"author":[{"embeddable":true,"href":"https:\/\/www.coinalp.ch\/de\/wp-json\/wp\/v2\/users\/1"}],"replies":[{"embeddable":true,"href":"https:\/\/www.coinalp.ch\/de\/wp-json\/wp\/v2\/comments?post=3"}],"version-history":[{"count":2,"href":"https:\/\/www.coinalp.ch\/de\/wp-json\/wp\/v2\/pages\/3\/revisions"}],"predecessor-version":[{"id":82,"href":"https:\/\/www.coinalp.ch\/de\/wp-json\/wp\/v2\/pages\/3\/revisions\/82"}],"wp:attachment":[{"href":"https:\/\/www.coinalp.ch\/de\/wp-json\/wp\/v2\/media?parent=3"}],"curies":[{"name":"wp","href":"https:\/\/api.w.org\/{rel}","templated":true}]}}